{"id":4291,"date":"2023-12-13T01:04:52","date_gmt":"2023-12-12T21:34:52","guid":{"rendered":"https:\/\/roghankar.ir\/product\/rk-sirkulasyon-yagi\/"},"modified":"2023-12-13T01:04:52","modified_gmt":"2023-12-12T21:34:52","slug":"rk-sirkulasyon-yagi","status":"publish","type":"product","link":"https:\/\/roghankar.ir\/tr\/product\/rk-sirkulasyon-yagi\/","title":{"rendered":"RK S\u0130RK\u00dcLASYON YA\u011eI"},"content":{"rendered":"","protected":false},"excerpt":{"rendered":"","protected":false},"featured_media":3665,"comment_status":"open","ping_status":"closed","template":"","meta":[],"product_cat":[332,330,331,327,333,329,326,328],"product_tag":[],"class_list":{"0":"post-4291","1":"product","2":"type-product","3":"status-publish","4":"has-post-thumbnail","6":"product_cat-c-sirkulasyon-yagi","7":"product_cat-cirkan-ro-sirkulasyon-yagi","8":"product_cat-derafsh-sirkulasyon-yagi","9":"product_cat-dte-adli-seri","10":"product_cat-keyvan-sirkulasyon-yagi","11":"product_cat-magna-ctx-wt","12":"product_cat-morlina-s2-b","13":"product_cat-vacuoline-500-serisi","15":"first","16":"instock","17":"shipping-taxable","18":"product-type-simple"},"_links":{"self":[{"href":"https:\/\/roghankar.ir\/tr\/wp-json\/wp\/v2\/product\/4291","targetHints":{"allow":["GET"]}}],"collection":[{"href":"https:\/\/roghankar.ir\/tr\/wp-json\/wp\/v2\/product"}],"about":[{"href":"https:\/\/roghankar.ir\/tr\/wp-json\/wp\/v2\/types\/product"}],"replies":[{"embeddable":true,"href":"https:\/\/roghankar.ir\/tr\/wp-json\/wp\/v2\/comments?post=4291"}],"version-history":[{"count":0,"href":"https:\/\/roghankar.ir\/tr\/wp-json\/wp\/v2\/product\/4291\/revisions"}],"wp:featuredmedia":[{"embeddable":true,"href":"https:\/\/roghankar.ir\/tr\/wp-json\/wp\/v2\/media\/3665"}],"wp:attachment":[{"href":"https:\/\/roghankar.ir\/tr\/wp-json\/wp\/v2\/media?parent=4291"}],"wp:term":[{"taxonomy":"product_cat","embeddable":true,"href":"https:\/\/roghankar.ir\/tr\/wp-json\/wp\/v2\/product_cat?post=4291"},{"taxonomy":"product_tag","embeddable":true,"href":"https:\/\/roghankar.ir\/tr\/wp-json\/wp\/v2\/product_tag?post=4291"}],"curies":[{"name":"wp","href":"https:\/\/api.w.org\/{rel}","templated":true}]}}