{"id":4326,"date":"2023-12-12T21:35:12","date_gmt":"2023-12-12T18:05:12","guid":{"rendered":"https:\/\/roghankar.ir\/product\/rk-compressor-oil-kompresor-yagi\/"},"modified":"2023-12-12T21:35:12","modified_gmt":"2023-12-12T18:05:12","slug":"rk-compressor-oil-kompresor-yagi","status":"publish","type":"product","link":"https:\/\/roghankar.ir\/tr\/product\/rk-compressor-oil-kompresor-yagi\/","title":{"rendered":"RK COMPRESSOR OIL Kompres\u00f6r Ya\u011f\u0131"},"content":{"rendered":"","protected":false},"excerpt":{"rendered":"","protected":false},"featured_media":3665,"comment_status":"open","ping_status":"closed","template":"","meta":[],"product_cat":[551,545,550,543,546,547,549,544,548],"product_tag":[],"class_list":{"0":"post-4326","1":"product","2":"type-product","3":"status-publish","4":"has-post-thumbnail","6":"product_cat-4000hr","7":"product_cat-aircol-pd","8":"product_cat-compair","9":"product_cat-corena-s2-r-p","10":"product_cat-dacnis-p-kompresor-yagi","11":"product_cat-kompresor-yagi","12":"product_cat-naft-pars-kompresor-yagi","13":"product_cat-rarus","14":"product_cat-vdl-hava-kompresor-yagi","16":"first","17":"instock","18":"shipping-taxable","19":"product-type-simple"},"_links":{"self":[{"href":"https:\/\/roghankar.ir\/tr\/wp-json\/wp\/v2\/product\/4326","targetHints":{"allow":["GET"]}}],"collection":[{"href":"https:\/\/roghankar.ir\/tr\/wp-json\/wp\/v2\/product"}],"about":[{"href":"https:\/\/roghankar.ir\/tr\/wp-json\/wp\/v2\/types\/product"}],"replies":[{"embeddable":true,"href":"https:\/\/roghankar.ir\/tr\/wp-json\/wp\/v2\/comments?post=4326"}],"version-history":[{"count":0,"href":"https:\/\/roghankar.ir\/tr\/wp-json\/wp\/v2\/product\/4326\/revisions"}],"wp:featuredmedia":[{"embeddable":true,"href":"https:\/\/roghankar.ir\/tr\/wp-json\/wp\/v2\/media\/3665"}],"wp:attachment":[{"href":"https:\/\/roghankar.ir\/tr\/wp-json\/wp\/v2\/media?parent=4326"}],"wp:term":[{"taxonomy":"product_cat","embeddable":true,"href":"https:\/\/roghankar.ir\/tr\/wp-json\/wp\/v2\/product_cat?post=4326"},{"taxonomy":"product_tag","embeddable":true,"href":"https:\/\/roghankar.ir\/tr\/wp-json\/wp\/v2\/product_tag?post=4326"}],"curies":[{"name":"wp","href":"https:\/\/api.w.org\/{rel}","templated":true}]}}