{"id":4362,"date":"2023-12-12T21:30:06","date_gmt":"2023-12-12T18:00:06","guid":{"rendered":"https:\/\/roghankar.ir\/product\/rk-transformator-yagi-trans-ve-isi-transfer-yagi\/"},"modified":"2023-12-12T21:30:06","modified_gmt":"2023-12-12T18:00:06","slug":"rk-transformator-yagi-trans-ve-isi-transfer-yagi","status":"publish","type":"product","link":"https:\/\/roghankar.ir\/tr\/product\/rk-transformator-yagi-trans-ve-isi-transfer-yagi\/","title":{"rendered":"RK TRANSFORMAT\u00d6R YA\u011eI, Trans ve Is\u0131 Transfer Ya\u011f\u0131"},"content":{"rendered":"","protected":false},"excerpt":{"rendered":"","protected":false},"featured_media":3665,"comment_status":"open","ping_status":"closed","template":"","meta":[],"product_cat":[717,728,727,721,729,730,723,722],"product_tag":[],"class_list":{"0":"post-4362","1":"product","2":"type-product","3":"status-publish","4":"has-post-thumbnail","6":"product_cat-diala-s2-zu-i","7":"product_cat-dn-transformator-yagi","8":"product_cat-ii-transformator-yagi","9":"product_cat-mobilect-ii","10":"product_cat-nynas","11":"product_cat-nytro-libra-nynas-transformator-yagi","12":"product_cat-total-isovoltine-ii-transformator-yagi","13":"product_cat-yalitim-yagi","15":"first","16":"instock","17":"shipping-taxable","18":"product-type-simple"},"_links":{"self":[{"href":"https:\/\/roghankar.ir\/tr\/wp-json\/wp\/v2\/product\/4362","targetHints":{"allow":["GET"]}}],"collection":[{"href":"https:\/\/roghankar.ir\/tr\/wp-json\/wp\/v2\/product"}],"about":[{"href":"https:\/\/roghankar.ir\/tr\/wp-json\/wp\/v2\/types\/product"}],"replies":[{"embeddable":true,"href":"https:\/\/roghankar.ir\/tr\/wp-json\/wp\/v2\/comments?post=4362"}],"version-history":[{"count":0,"href":"https:\/\/roghankar.ir\/tr\/wp-json\/wp\/v2\/product\/4362\/revisions"}],"wp:featuredmedia":[{"embeddable":true,"href":"https:\/\/roghankar.ir\/tr\/wp-json\/wp\/v2\/media\/3665"}],"wp:attachment":[{"href":"https:\/\/roghankar.ir\/tr\/wp-json\/wp\/v2\/media?parent=4362"}],"wp:term":[{"taxonomy":"product_cat","embeddable":true,"href":"https:\/\/roghankar.ir\/tr\/wp-json\/wp\/v2\/product_cat?post=4362"},{"taxonomy":"product_tag","embeddable":true,"href":"https:\/\/roghankar.ir\/tr\/wp-json\/wp\/v2\/product_tag?post=4362"}],"curies":[{"name":"wp","href":"https:\/\/api.w.org\/{rel}","templated":true}]}}