{"id":4364,"date":"2023-12-12T21:38:51","date_gmt":"2023-12-12T18:08:51","guid":{"rendered":"https:\/\/roghankar.ir\/product\/rk-compressor-synth-oil-kompresor-yagi\/"},"modified":"2023-12-12T21:38:51","modified_gmt":"2023-12-12T18:08:51","slug":"rk-compressor-synth-oil-kompresor-yagi","status":"publish","type":"product","link":"https:\/\/roghankar.ir\/tr\/product\/rk-compressor-synth-oil-kompresor-yagi\/","title":{"rendered":"RK COMPRESSOR SYNTH OIL Kompres\u00f6r Ya\u011f\u0131"},"content":{"rendered":"","protected":false},"excerpt":{"rendered":"","protected":false},"featured_media":3665,"comment_status":"open","ping_status":"closed","template":"","meta":[],"product_cat":[740,737,741,744,742,739,743,301],"product_tag":[],"class_list":{"0":"post-4364","1":"product","2":"type-product","3":"status-publish","4":"has-post-thumbnail","6":"product_cat-aircol-sr","7":"product_cat-corena-s4-r","8":"product_cat-dacnis-sh-kompresor-yagi","9":"product_cat-paroil-s-kompresor-yagi","10":"product_cat-ps-kompresor-yagi","11":"product_cat-rarus-shc","12":"product_cat-s-kompresor-yagi","13":"product_cat-atlas-copco","15":"first","16":"instock","17":"shipping-taxable","18":"product-type-simple"},"_links":{"self":[{"href":"https:\/\/roghankar.ir\/tr\/wp-json\/wp\/v2\/product\/4364","targetHints":{"allow":["GET"]}}],"collection":[{"href":"https:\/\/roghankar.ir\/tr\/wp-json\/wp\/v2\/product"}],"about":[{"href":"https:\/\/roghankar.ir\/tr\/wp-json\/wp\/v2\/types\/product"}],"replies":[{"embeddable":true,"href":"https:\/\/roghankar.ir\/tr\/wp-json\/wp\/v2\/comments?post=4364"}],"version-history":[{"count":0,"href":"https:\/\/roghankar.ir\/tr\/wp-json\/wp\/v2\/product\/4364\/revisions"}],"wp:featuredmedia":[{"embeddable":true,"href":"https:\/\/roghankar.ir\/tr\/wp-json\/wp\/v2\/media\/3665"}],"wp:attachment":[{"href":"https:\/\/roghankar.ir\/tr\/wp-json\/wp\/v2\/media?parent=4364"}],"wp:term":[{"taxonomy":"product_cat","embeddable":true,"href":"https:\/\/roghankar.ir\/tr\/wp-json\/wp\/v2\/product_cat?post=4364"},{"taxonomy":"product_tag","embeddable":true,"href":"https:\/\/roghankar.ir\/tr\/wp-json\/wp\/v2\/product_tag?post=4364"}],"curies":[{"name":"wp","href":"https:\/\/api.w.org\/{rel}","templated":true}]}}