{"id":4367,"date":"2023-12-12T20:12:55","date_gmt":"2023-12-12T16:42:55","guid":{"rendered":"https:\/\/roghankar.ir\/product\/rk-gear-synth-pao-endustriyel-disli-yagi\/"},"modified":"2023-12-12T20:12:55","modified_gmt":"2023-12-12T16:42:55","slug":"rk-gear-synth-pao-endustriyel-disli-yagi","status":"publish","type":"product","link":"https:\/\/roghankar.ir\/tr\/product\/rk-gear-synth-pao-endustriyel-disli-yagi\/","title":{"rendered":"RK GEAR SYNTH PAO End\u00fcstriyel Di\u015fli Ya\u011f\u0131"},"content":{"rendered":"","protected":false},"excerpt":{"rendered":"","protected":false},"featured_media":3665,"comment_status":"open","ping_status":"closed","template":"","meta":[],"product_cat":[766,767,769,768,770,758,760],"product_tag":[],"class_list":{"0":"post-4367","1":"product","2":"type-product","3":"status-publish","4":"has-post-thumbnail","6":"product_cat-alphasyn-ep","7":"product_cat-alphasyn-t","8":"product_cat-bordbar-ps-endustriyel-disli-yagi","9":"product_cat-carter-sh-carter-yagi","10":"product_cat-nissan-s-disli-yagi","11":"product_cat-omala-s4-gx","12":"product_cat-shc-600-serisi","14":"first","15":"instock","16":"shipping-taxable","17":"product-type-simple"},"_links":{"self":[{"href":"https:\/\/roghankar.ir\/tr\/wp-json\/wp\/v2\/product\/4367","targetHints":{"allow":["GET"]}}],"collection":[{"href":"https:\/\/roghankar.ir\/tr\/wp-json\/wp\/v2\/product"}],"about":[{"href":"https:\/\/roghankar.ir\/tr\/wp-json\/wp\/v2\/types\/product"}],"replies":[{"embeddable":true,"href":"https:\/\/roghankar.ir\/tr\/wp-json\/wp\/v2\/comments?post=4367"}],"version-history":[{"count":0,"href":"https:\/\/roghankar.ir\/tr\/wp-json\/wp\/v2\/product\/4367\/revisions"}],"wp:featuredmedia":[{"embeddable":true,"href":"https:\/\/roghankar.ir\/tr\/wp-json\/wp\/v2\/media\/3665"}],"wp:attachment":[{"href":"https:\/\/roghankar.ir\/tr\/wp-json\/wp\/v2\/media?parent=4367"}],"wp:term":[{"taxonomy":"product_cat","embeddable":true,"href":"https:\/\/roghankar.ir\/tr\/wp-json\/wp\/v2\/product_cat?post=4367"},{"taxonomy":"product_tag","embeddable":true,"href":"https:\/\/roghankar.ir\/tr\/wp-json\/wp\/v2\/product_tag?post=4367"}],"curies":[{"name":"wp","href":"https:\/\/api.w.org\/{rel}","templated":true}]}}