{"id":4368,"date":"2023-12-12T21:20:23","date_gmt":"2023-12-12T17:50:23","guid":{"rendered":"https:\/\/roghankar.ir\/product\/rk-max-zf-hidrolik-yaglari-hidrolik-yagi\/"},"modified":"2023-12-12T21:20:23","modified_gmt":"2023-12-12T17:50:23","slug":"rk-max-zf-hidrolik-yaglari-hidrolik-yagi","status":"publish","type":"product","link":"https:\/\/roghankar.ir\/tr\/product\/rk-max-zf-hidrolik-yaglari-hidrolik-yagi\/","title":{"rendered":"RK MAX ZF H\u0130DROL\u0130K YA\u011eLARI H\u0130DROL\u0130K YA\u011eI"},"content":{"rendered":"","protected":false},"excerpt":{"rendered":"","protected":false},"featured_media":3665,"comment_status":"open","ping_status":"closed","template":"","meta":[],"product_cat":[763,764,762,765,761,771],"product_tag":[],"class_list":{"0":"post-4368","1":"product","2":"type-product","3":"status-publish","4":"has-post-thumbnail","6":"product_cat-azolla-af-hidrolik-yagi","7":"product_cat-hp-hidrolik-yagi","8":"product_cat-hyspyn-zz","9":"product_cat-hz-hidrolik-yagi","10":"product_cat-tellus-s3-m","11":"product_cat-zf-hidrolik-yagi","13":"first","14":"instock","15":"shipping-taxable","16":"product-type-simple"},"_links":{"self":[{"href":"https:\/\/roghankar.ir\/tr\/wp-json\/wp\/v2\/product\/4368","targetHints":{"allow":["GET"]}}],"collection":[{"href":"https:\/\/roghankar.ir\/tr\/wp-json\/wp\/v2\/product"}],"about":[{"href":"https:\/\/roghankar.ir\/tr\/wp-json\/wp\/v2\/types\/product"}],"replies":[{"embeddable":true,"href":"https:\/\/roghankar.ir\/tr\/wp-json\/wp\/v2\/comments?post=4368"}],"version-history":[{"count":0,"href":"https:\/\/roghankar.ir\/tr\/wp-json\/wp\/v2\/product\/4368\/revisions"}],"wp:featuredmedia":[{"embeddable":true,"href":"https:\/\/roghankar.ir\/tr\/wp-json\/wp\/v2\/media\/3665"}],"wp:attachment":[{"href":"https:\/\/roghankar.ir\/tr\/wp-json\/wp\/v2\/media?parent=4368"}],"wp:term":[{"taxonomy":"product_cat","embeddable":true,"href":"https:\/\/roghankar.ir\/tr\/wp-json\/wp\/v2\/product_cat?post=4368"},{"taxonomy":"product_tag","embeddable":true,"href":"https:\/\/roghankar.ir\/tr\/wp-json\/wp\/v2\/product_tag?post=4368"}],"curies":[{"name":"wp","href":"https:\/\/api.w.org\/{rel}","templated":true}]}}