{"id":4374,"date":"2023-12-12T19:42:52","date_gmt":"2023-12-12T16:12:52","guid":{"rendered":"https:\/\/roghankar.ir\/product\/rk-lityum-moli-endustriyel-gres\/"},"modified":"2023-12-12T19:42:52","modified_gmt":"2023-12-12T16:12:52","slug":"rk-lityum-moli-endustriyel-gres","status":"publish","type":"product","link":"https:\/\/roghankar.ir\/tr\/product\/rk-lityum-moli-endustriyel-gres\/","title":{"rendered":"RK L\u0130TYUM MOL\u0130 END\u00dcSTR\u0130YEL GRES"},"content":{"rendered":"","protected":false},"excerpt":{"rendered":"","protected":false},"featured_media":3665,"comment_status":"open","ping_status":"closed","template":"","meta":[],"product_cat":[810,814,811,812,813],"product_tag":[],"class_list":{"0":"post-4374","1":"product","2":"type-product","3":"status-publish","4":"has-post-thumbnail","6":"product_cat-gadus-s2-v220ad","7":"product_cat-mahan-mds-gres","8":"product_cat-mobilux-ep-moly","9":"product_cat-moly-gres","10":"product_cat-multis-ms2-gres","12":"first","13":"instock","14":"shipping-taxable","15":"product-type-simple"},"_links":{"self":[{"href":"https:\/\/roghankar.ir\/tr\/wp-json\/wp\/v2\/product\/4374","targetHints":{"allow":["GET"]}}],"collection":[{"href":"https:\/\/roghankar.ir\/tr\/wp-json\/wp\/v2\/product"}],"about":[{"href":"https:\/\/roghankar.ir\/tr\/wp-json\/wp\/v2\/types\/product"}],"replies":[{"embeddable":true,"href":"https:\/\/roghankar.ir\/tr\/wp-json\/wp\/v2\/comments?post=4374"}],"version-history":[{"count":0,"href":"https:\/\/roghankar.ir\/tr\/wp-json\/wp\/v2\/product\/4374\/revisions"}],"wp:featuredmedia":[{"embeddable":true,"href":"https:\/\/roghankar.ir\/tr\/wp-json\/wp\/v2\/media\/3665"}],"wp:attachment":[{"href":"https:\/\/roghankar.ir\/tr\/wp-json\/wp\/v2\/media?parent=4374"}],"wp:term":[{"taxonomy":"product_cat","embeddable":true,"href":"https:\/\/roghankar.ir\/tr\/wp-json\/wp\/v2\/product_cat?post=4374"},{"taxonomy":"product_tag","embeddable":true,"href":"https:\/\/roghankar.ir\/tr\/wp-json\/wp\/v2\/product_tag?post=4374"}],"curies":[{"name":"wp","href":"https:\/\/api.w.org\/{rel}","templated":true}]}}