{"id":4377,"date":"2023-12-12T21:08:01","date_gmt":"2023-12-12T17:38:01","guid":{"rendered":"https:\/\/roghankar.ir\/product\/rk-max-hidrolik-yagi-hidrolik-yagi\/"},"modified":"2023-12-12T21:08:01","modified_gmt":"2023-12-12T17:38:01","slug":"rk-max-hidrolik-yagi-hidrolik-yagi","status":"publish","type":"product","link":"https:\/\/roghankar.ir\/tr\/product\/rk-max-hidrolik-yagi-hidrolik-yagi\/","title":{"rendered":"RK MAX H\u0130DROL\u0130K YA\u011eI H\u0130DROL\u0130K YA\u011eI"},"content":{"rendered":"","protected":false},"excerpt":{"rendered":"","protected":false},"featured_media":3665,"comment_status":"open","ping_status":"closed","template":"","meta":[],"product_cat":[827,830,824,825,828,829,826,823],"product_tag":[],"class_list":{"0":"post-4377","1":"product","2":"type-product","3":"status-publish","4":"has-post-thumbnail","6":"product_cat-azolla-zs-hidrolik-yagi","7":"product_cat-babak-ozel-hidrolik-yagi","8":"product_cat-dte-20-serisi","9":"product_cat-dte-exel","10":"product_cat-h-hidrolik","11":"product_cat-h-hidrolik-yagi","12":"product_cat-hyspin-aws","13":"product_cat-tellus-s2-m","15":"first","16":"instock","17":"shipping-taxable","18":"product-type-simple"},"_links":{"self":[{"href":"https:\/\/roghankar.ir\/tr\/wp-json\/wp\/v2\/product\/4377","targetHints":{"allow":["GET"]}}],"collection":[{"href":"https:\/\/roghankar.ir\/tr\/wp-json\/wp\/v2\/product"}],"about":[{"href":"https:\/\/roghankar.ir\/tr\/wp-json\/wp\/v2\/types\/product"}],"replies":[{"embeddable":true,"href":"https:\/\/roghankar.ir\/tr\/wp-json\/wp\/v2\/comments?post=4377"}],"version-history":[{"count":0,"href":"https:\/\/roghankar.ir\/tr\/wp-json\/wp\/v2\/product\/4377\/revisions"}],"wp:featuredmedia":[{"embeddable":true,"href":"https:\/\/roghankar.ir\/tr\/wp-json\/wp\/v2\/media\/3665"}],"wp:attachment":[{"href":"https:\/\/roghankar.ir\/tr\/wp-json\/wp\/v2\/media?parent=4377"}],"wp:term":[{"taxonomy":"product_cat","embeddable":true,"href":"https:\/\/roghankar.ir\/tr\/wp-json\/wp\/v2\/product_cat?post=4377"},{"taxonomy":"product_tag","embeddable":true,"href":"https:\/\/roghankar.ir\/tr\/wp-json\/wp\/v2\/product_tag?post=4377"}],"curies":[{"name":"wp","href":"https:\/\/api.w.org\/{rel}","templated":true}]}}