{"id":4380,"date":"2023-12-12T20:09:32","date_gmt":"2023-12-12T16:39:32","guid":{"rendered":"https:\/\/roghankar.ir\/product\/rk-synth-pag-endustriyel-disli-yagi\/"},"modified":"2023-12-12T20:09:32","modified_gmt":"2023-12-12T16:39:32","slug":"rk-synth-pag-endustriyel-disli-yagi","status":"publish","type":"product","link":"https:\/\/roghankar.ir\/tr\/product\/rk-synth-pag-endustriyel-disli-yagi\/","title":{"rendered":"RK SYNTH PAG End\u00fcstriyel Di\u015fli Ya\u011f\u0131"},"content":{"rendered":"","protected":false},"excerpt":{"rendered":"","protected":false},"featured_media":3665,"comment_status":"open","ping_status":"closed","template":"","meta":[],"product_cat":[850,852,851,849,853,847],"product_tag":[],"class_list":{"0":"post-4380","1":"product","2":"type-product","3":"status-publish","4":"has-post-thumbnail","6":"product_cat-alphasyn-pg","7":"product_cat-bordbar-pg-endustriyel-disli-yagi","8":"product_cat-carter-sy-carter-yagi","9":"product_cat-glygoyle-he","10":"product_cat-nissan-pag-disli-yagi","11":"product_cat-omala-s4-we","13":"first","14":"instock","15":"shipping-taxable","16":"product-type-simple"},"_links":{"self":[{"href":"https:\/\/roghankar.ir\/tr\/wp-json\/wp\/v2\/product\/4380","targetHints":{"allow":["GET"]}}],"collection":[{"href":"https:\/\/roghankar.ir\/tr\/wp-json\/wp\/v2\/product"}],"about":[{"href":"https:\/\/roghankar.ir\/tr\/wp-json\/wp\/v2\/types\/product"}],"replies":[{"embeddable":true,"href":"https:\/\/roghankar.ir\/tr\/wp-json\/wp\/v2\/comments?post=4380"}],"version-history":[{"count":0,"href":"https:\/\/roghankar.ir\/tr\/wp-json\/wp\/v2\/product\/4380\/revisions"}],"wp:featuredmedia":[{"embeddable":true,"href":"https:\/\/roghankar.ir\/tr\/wp-json\/wp\/v2\/media\/3665"}],"wp:attachment":[{"href":"https:\/\/roghankar.ir\/tr\/wp-json\/wp\/v2\/media?parent=4380"}],"wp:term":[{"taxonomy":"product_cat","embeddable":true,"href":"https:\/\/roghankar.ir\/tr\/wp-json\/wp\/v2\/product_cat?post=4380"},{"taxonomy":"product_tag","embeddable":true,"href":"https:\/\/roghankar.ir\/tr\/wp-json\/wp\/v2\/product_tag?post=4380"}],"curies":[{"name":"wp","href":"https:\/\/api.w.org\/{rel}","templated":true}]}}